{"id":17,"date":"2017-06-13T20:15:46","date_gmt":"2017-06-13T18:15:46","guid":{"rendered":"http:\/\/100zastu.pl\/?page_id=17"},"modified":"2017-09-10T18:18:11","modified_gmt":"2017-09-10T16:18:11","slug":"a-propos-de","status":"publish","type":"page","link":"https:\/\/100zastu.pl\/index.php\/a-propos-de\/","title":{"rendered":"Troch\u0119 o sobie&#8230;"},"content":{"rendered":"<p><span style=\"font-size: large;\"><img loading=\"lazy\" class=\"wp-image-748 alignleft\" src=\"http:\/\/100zastu.pl\/wp-content\/uploads\/2017\/09\/hipek-pion-ma\u0142y.jpg-819x1024.jpg\" alt=\"\" width=\"406\" height=\"508\" srcset=\"https:\/\/100zastu.pl\/wp-content\/uploads\/2017\/09\/hipek-pion-ma\u0142y.jpg-819x1024.jpg 819w, https:\/\/100zastu.pl\/wp-content\/uploads\/2017\/09\/hipek-pion-ma\u0142y.jpg-240x300.jpg 240w, https:\/\/100zastu.pl\/wp-content\/uploads\/2017\/09\/hipek-pion-ma\u0142y.jpg-768x960.jpg 768w, https:\/\/100zastu.pl\/wp-content\/uploads\/2017\/09\/hipek-pion-ma\u0142y.jpg.jpg 1840w\" sizes=\"(max-width: 406px) 100vw, 406px\" \/>\u00a0Nie jestem zawodowym krytykiem literackim (je\u015bli za\u0142o\u017cy\u0107, \u017ce taki zaw\u00f3d w og\u00f3le istnieje&#8230;) &#8211; za to jestem dziennikarzem od 45 lat (co oznacza, \u017ce w tej chwili raczej na emeryturze), za\u015b wykszta\u0142cenie pobra\u0142em prawnicze (dawno \u2013 w drugiej po\u0142owie lat 60. ubieg\u0142ego stulecia). Zawodu wyuczonego nigdy nie wykonywa\u0142em, za\u015b w dziennikarstwie przez dobre czterdzie\u015bci lat przewa\u017cnie czyta\u0142em i redagowa\u0142em cudze teksty, a potem robi\u0142em z nich gazety. R\u00f3\u017cne \u2013 od niewielkich (nak\u0142adowo) przyfabrycznych przedsi\u0119wzi\u0119\u0107 (w minionej epoce istnia\u0142o co\u015b takiego, jak prasa zak\u0142adowa w du\u017cych firmach i na wielkich tzw. budowach socjalizmu; mnie przypad\u0142o w udziale robienie gazet dla \u0142\u00f3dzkich tramwajarzy i chemicznych w\u0142\u00f3kniarzy w Tomaszowie Mazowieckim), poprzez tygodniki powiatowe, wojew\u00f3dzkie, spo\u0142eczno-kulturalne (\u0142\u00f3dzkie \u201eOdg\u0142osy\u201d \u015bwietnej pami\u0119ci&#8230;) \u2013 po popularn\u0105 wielkomiejsk\u0105 popo\u0142udni\u00f3wk\u0119 i og\u00f3lnokrajowy tygodnik telewizyjny w o\u015bmiu mutacjach i dwumilionowym nak\u0142adzie&#8230;<\/span><\/p>\n<p><span style=\"font-size: large;\">Przez pi\u0119\u0107 ostatnich lat (opr\u00f3cz codziennej s\u0142u\u017cby w sekretariacie redakcji) pisywa\u0142em i zamieszcza\u0142em raz w tygodniu po dwie rekomendacje \u015bwie\u017co wydawanych ksi\u0105\u017cek. A mam taki zwyczaj \u2013 zapewne osobliwy i staro\u015bwiecki \u2013 \u017ce najpierw czytam to, co mam poleci\u0107 (lub nie poleci\u0107&#8230;). Zdaj\u0119 sobie spraw\u0119, \u017ce ten obyczaj sytuuje mnie daleko za dinozaurami, w topniej\u0105cej gromadce frajer\u00f3w, kt\u00f3rzy nie potrafi\u0105 tw\u00f3rczo (i za t\u0119 sam\u0105 wiersz\u00f3wk\u0119 \u2013 tam, gdzie jeszcze j\u0105 p\u0142ac\u0105&#8230;) spo\u017cytkowa\u0107 produkt\u00f3w dziesi\u0105tk\u00f3w wyrobnik\u00f3w reklamy, zatrudnianych przez wydawnictwa. Uzdatni\u0107 gotowiec \u2013 to dzi\u015b prawdziwe i niemal jedyne wyzwanie tzw. dziennikarstwa&#8230; Tyle co zala\u0107 wrz\u0105tkiem chi\u0144sk\u0105 zupk\u0119! I brawo JA!<\/span><\/p>\n<p><span style=\"font-size: large;\">Ale mniejsza z tym. Atawistyczna sk\u0142onno\u015b\u0107 do dodawania zes\u0142a\u0142a na mnie razu pewnego konkluzj\u0119, \u017ce czytam mo\u017ce ze sto ksi\u0105\u017cek rocznie. Minimum \u2013 a w zasadzie i tak sporo wi\u0119cej&#8230; A je\u015bli statystycznie znacz\u0105ca grupa moich rodak\u00f3w (jakoby 63 procent&#8230;.) \u017cadnej ksi\u0105\u017cki przez rok do r\u0119ki nie bierze, to znaczy, \u017ce wielu z nich to ja pozbawiam przyjemno\u015bci lektury&#8230; Gdyby za\u0142o\u017cy\u0107, \u017ce na \u0142eb przypada\u0107 powinna cho\u0107by jedna ksi\u0105\u017cczyna, to znaczy\u0142oby, \u017ce ja&#8230; Czytam za stu p\u0142ci obojga Polak\u00f3w! <\/span><\/p>\n<p><span style=\"font-size: large;\">Przyt\u0142oczony t\u0105 matematyczn\u0105 konstatacj\u0105, zerwa\u0107 si\u0119 chcia\u0142em, gdzie\u015b lecie\u0107, spotka\u0107 si\u0119 z nimi, pogada\u0107, nam\u00f3wi\u0107, mo\u017ce po\u017cytki z lektur p\u0142yn\u0105ce unaoczni\u0107&#8230; Lecz po drugim kroku my\u015bl taka mnie tkn\u0119\u0142a: a je\u015bli to ci sami, kt\u00f3rzy za mnie wypijaj\u0105 (w ca\u0142o\u015bci niemal\u017ce) przypadaj\u0105cy na g\u0142ow\u0119 m\u0105 z wolna siwiej\u0105c\u0105 statystyczny przydzia\u0142 C<sub>2<\/sub>H<sub>5<\/sub>OH? No i o czym tu z nimi gada\u0107? Lepiej chyba ju\u017c pisa\u0107. Dla gramotnych, ma si\u0119 rozumie\u0107. I st\u0105d blog.<\/span><\/p>\n<h5><span style=\"font-size: large;\">Tomasz Sas<\/span><\/h5>\n<p>&nbsp;<\/p>\n","protected":false},"excerpt":{"rendered":"<p>\u00a0Nie jestem zawodowym krytykiem literackim (je\u015bli za\u0142o\u017cy\u0107, \u017ce taki zaw\u00f3d w og\u00f3le istnieje&#8230;) &#8211; za to jestem dziennikarzem od 45 lat (co oznacza, \u017ce w tej chwili raczej na emeryturze), za\u015b wykszta\u0142cenie pobra\u0142em prawnicze (dawno \u2013 w drugiej po\u0142owie lat 60. ubieg\u0142ego stulecia). Zawodu wyuczonego nigdy nie wykonywa\u0142em, za\u015b w dziennikarstwie przez dobre czterdzie\u015bci lat przewa\u017cnie czyta\u0142em i redagowa\u0142em cudze teksty, a potem robi\u0142em z nich gazety. R\u00f3\u017cne \u2013 od niewielkich (nak\u0142adowo) przyfabrycznych przedsi\u0119wzi\u0119\u0107 (w minionej epoce istnia\u0142o co\u015b takiego, jak prasa zak\u0142adowa w du\u017cych firmach i na wielkich tzw. budowach socjalizmu; mnie przypad\u0142o w udziale robienie gazet dla \u0142\u00f3dzkich tramwajarzy i chemicznych w\u0142\u00f3kniarzy w Tomaszowie Mazowieckim), poprzez tygodniki powiatowe, wojew\u00f3dzkie, spo\u0142eczno-kulturalne (\u0142\u00f3dzkie \u201eOdg\u0142osy\u201d \u015bwietnej pami\u0119ci&#8230;) \u2013 po popularn\u0105 wielkomiejsk\u0105 popo\u0142udni\u00f3wk\u0119 i og\u00f3lnokrajowy tygodnik telewizyjny w o\u015bmiu mutacjach i dwumilionowym nak\u0142adzie&#8230; Przez pi\u0119\u0107 ostatnich lat (opr\u00f3cz codziennej s\u0142u\u017cby w sekretariacie redakcji) pisywa\u0142em i zamieszcza\u0142em raz w tygodniu po dwie rekomendacje \u015bwie\u017co wydawanych ksi\u0105\u017cek. A mam taki zwyczaj \u2013 zapewne osobliwy i staro\u015bwiecki \u2013 \u017ce najpierw czytam to, co mam poleci\u0107 (lub nie poleci\u0107&#8230;). Zdaj\u0119 sobie spraw\u0119, \u017ce ten obyczaj sytuuje mnie daleko za dinozaurami, w topniej\u0105cej gromadce frajer\u00f3w, kt\u00f3rzy nie potrafi\u0105 tw\u00f3rczo (i za t\u0119 sam\u0105 wiersz\u00f3wk\u0119 \u2013 tam, gdzie&#8230;<\/p>\n","protected":false},"author":1,"featured_media":0,"parent":0,"menu_order":1,"comment_status":"closed","ping_status":"closed","template":"","meta":[],"wppr_data":[],"_links":{"self":[{"href":"https:\/\/100zastu.pl\/index.php\/wp-json\/wp\/v2\/pages\/17"}],"collection":[{"href":"https:\/\/100zastu.pl\/index.php\/wp-json\/wp\/v2\/pages"}],"about":[{"href":"https:\/\/100zastu.pl\/index.php\/wp-json\/wp\/v2\/types\/page"}],"author":[{"embeddable":true,"href":"https:\/\/100zastu.pl\/index.php\/wp-json\/wp\/v2\/users\/1"}],"replies":[{"embeddable":true,"href":"https:\/\/100zastu.pl\/index.php\/wp-json\/wp\/v2\/comments?post=17"}],"version-history":[{"count":16,"href":"https:\/\/100zastu.pl\/index.php\/wp-json\/wp\/v2\/pages\/17\/revisions"}],"predecessor-version":[{"id":755,"href":"https:\/\/100zastu.pl\/index.php\/wp-json\/wp\/v2\/pages\/17\/revisions\/755"}],"wp:attachment":[{"href":"https:\/\/100zastu.pl\/index.php\/wp-json\/wp\/v2\/media?parent=17"}],"curies":[{"name":"wp","href":"https:\/\/api.w.org\/{rel}","templated":true}]}}