{"id":16,"date":"2017-06-13T20:15:46","date_gmt":"2017-06-13T18:15:46","guid":{"rendered":"http:\/\/100zastu.pl\/?page_id=16"},"modified":"2017-07-03T19:58:52","modified_gmt":"2017-07-03T17:58:52","slug":"accueil","status":"publish","type":"page","link":"https:\/\/100zastu.pl\/index.php\/accueil\/","title":{"rendered":"Kryteria oceny + Ostrze\u017cenie"},"content":{"rendered":"<h3><span style=\"color: #ff0000;\">Arkana klasyfikacji ksi\u0105\u017cek:<\/span><\/h3>\n<p>Co ja my\u015bl\u0119 o przeczytanych ksi\u0105\u017ckach? No, my\u015bl\u0119 co\u015b tam, co\u015b tam \u2013 jak niegdy\u015b raczy\u0142a si\u0119 smakowicie wyrazi\u0107 pewna dzia\u0142aczka medialna i polityczna, nar\u0105bana przy okazji jak junkers (nie samolot, jeno piecyk gazowy&#8230;). Zreszt\u0105 detalicznie pisz\u0119 o tym (czyli my\u015bli moje ujawniam) w recenzjach&#8230; Klasyfikacja za\u015b ma charakter pomocniczy, w zasadzie rekomendacyjny. Wyobra\u017acie sobie zatem poziom\u0105 o\u015b odci\u0119tych uk\u0142adu algebraicznego, a po prawej stronie osi (razem z pocz\u0105tkowym zerem) osiem pozycji oznaczonych cyframi od zera do siedmiu<\/p>\n<p><strong>0<\/strong> \u2013 raczej dno; nie czyta\u0107!<\/p>\n<p><strong>1<\/strong> \u2013 s\u0142abe, lektura zb\u0119dna;<\/p>\n<p><strong>2<\/strong> \u2013 niekoniecznie, ale gdy czasu nie szkoda&#8230;<\/p>\n<p><strong>3<\/strong> \u2013 klasyczne czytad\u0142o rozrywkowe<\/p>\n<p><strong>4<\/strong> \u2013 przyzwoita lektura na zadowalaj\u0105cym poziomie;<\/p>\n<p><strong>5<\/strong> &#8211; sine qua non ambitnego czytelnika;<\/p>\n<p><strong>6<\/strong> \u2013 arcydzie\u0142o ze wszech miar godne lektury;<\/p>\n<p><strong>7<\/strong> \u2013 wielka literatura \u015bwiatowa; kanon poznawczy Galaktyki Gutenberga&#8230;<\/p>\n<p>Po lewej za\u015b stronie osi trzy pozycje oznaczone liczbami ujemnymi<\/p>\n<p><strong>-1<\/strong> \u2013 \u017cal ka\u017cdego zer\u017cni\u0119tego na papier drzewa!<\/p>\n<p><strong>-2<\/strong> \u2013 niewys\u0142owiony \u017cal ka\u017cdego zer\u017cni\u0119tego na papier drzewa!<\/p>\n<p><strong>-3<\/strong> \u2013 nieutulony i niewys\u0142owiony \u017cal ka\u017cdego zer\u017cni\u0119tego na papier drzewa!<\/p>\n<p>Autor niniejszego przysi\u0119ga, \u017ce do\u0142o\u017cy wszelkich stara\u0144, aby praktyczne zastosowanie tej klasyfikacji by\u0142o wolne od podejrze\u0144 o koniunkturalizm, nepotyzm, korupcj\u0119, kupczenie i symoni\u0119, schlebianie gustom powszechniejszym i prostackim, knowania i zmowy kartelowe, uleganie supozycjom, aluzjom, ton&#8217;kim namiokom, szanta\u017com i wdzi\u0119kom pozaliterackim. \u017badnych te\u017c tzw. patronat\u00f3w medialnych (cokolwiek mia\u0142oby to oznacza\u0107&#8230;) nie b\u0119dzie. Innymi s\u0142owy: nie ma mowy o jakichkolwiek uk\u0142adach z autorami, ich agentami, wydawcami i i dystrybutorami. Jedyny uk\u0142ad godzien zainteresowania (i kt\u00f3ry autora niniejszego tekstu interesuje w tej chwili&#8230;) to Uk\u0142ad S\u0142oneczny. Jedyna wina za\u015b, kt\u00f3r\u0105 autor (po namy\u015ble) mo\u017ce sobie przypisa\u0107, to zawsze wszak ska\u017cona pewn\u0105 doz\u0105 subiektywizmu culpa in eligendo (czyli wina w wyborze) ksi\u0105g do przeczytania. W tym wzgl\u0119dzie licz\u0119 na wyrozumia\u0142o\u015b\u0107&#8230;<\/p>\n<p>Ocena ok\u0142adek:<\/p>\n<p>Autor zastrzega, \u017ce nie ma \u017cadnego wykszta\u0142cenia plastycznego, ergo: nie dysponuje aparatem krytycznym i kwalifikacjami dostatecznymi, by fachowo ocenia\u0107 produkcje sk\u0105din\u0105d artystyczne, b\u0105d\u017a za takowe chc\u0105ce uchodzi\u0107. Niemniej moje czterdzie\u015bci lat redagowania gazet r\u00f3\u017cnego gatunku to nie tylko ocena i naprawianie tekst\u00f3w, to tak\u017ce akceptowanie lub dyskwalifikowanie r\u00f3\u017cnych produkt\u00f3w graficznych \u2013 zdj\u0119\u0107, rysunk\u00f3w, kola\u017cy, infografik i temu\u017c podobnych&#8230; Do\u015bwiadczenie w tym trybie nabyte pozwala mi (jak s\u0105dz\u0119) dokonywa\u0107 tak\u017ce u\u017cytkowej kwalifikacji ksi\u0105\u017ckowych ok\u0142adek. Przeto wprowadzam sze\u015b\u0107 kategorii ocennych \u2013 od zera do pi\u0119ciu o nast\u0119puj\u0105cym \u0142adunku:<\/p>\n<p>0 \u2013 katastrofa artystyczna, poznawcza i ka\u017cda inna&#8230;<\/p>\n<p>1 \u2013 kicz denny i oszuka\u0144czy!<\/p>\n<p>2 \u2013 na granicy kiczu, aczkolwiek marketingowo poprawna;<\/p>\n<p>3 \u2013 przyzwoita tudzie\u017c komunikatywna<\/p>\n<p>4 \u2013 ok\u0142adka wymowna i doskona\u0142a;<\/p>\n<p>5 \u2013 wizualne arcydzie\u0142o<\/p>\n<p>Je\u015bli to nie wystarczy (w przypadku obu tabel&#8230;) autor zastrzega sobie prawo u\u017cycia epitet\u00f3w o szczeg\u00f3lnym, ekstremalnym zabarwieniu emocjonalnym.<\/p>\n<p>Tomasz Sas<\/p>\n<hr \/>\n<h3><span style=\"color: #ff0000;\">Ostrze\u017cenie<\/span><br \/>\nWszystkie teksty i zdj\u0119cia sygnowane nazwiskiem (b\u0105d\u017a skr\u00f3tem nazwiska) autora s\u0105 w\u0142asno\u015bci\u0105 pisz\u0105cego ten blog, przeto w my\u015bl krajowych i europejskich regulacji prawnych podlegaj\u0105 pe\u0142nej pieczy praw autorskich i wszelakich innych \u2013 zgodnie z powszechnie stosowanymi normami ochrony w\u0142asno\u015bci intelektualnej. Cytowanie fragment\u00f3w tekst\u00f3w jest dozwolone, jednako pod warunkiem, \u017ce cytaty nie przekraczaj\u0105 powszechnie akceptowanych norm przyzwoito\u015bci (to znaczy fragment zdania, zdanie b\u0105d\u017a kilka lub ca\u0142y akapit, lecz nie wi\u0119cej&#8230;) i s\u0105 oznaczone wyra\u017anie, z odes\u0142aniem do \u017ar\u00f3d\u0142a. Skorzystanie z rozszerzenia tych ogranicze\u0144 jest mo\u017cliwe, wszelako wy\u0142\u0105cznie po uprzednim uzyskaniu pisemnej, jednoznacznie sformu\u0142owanej zgody autora bloga lub jego pe\u0142nomocnika. Naruszenia (i ich pr\u00f3by&#8230;) b\u0119d\u0105 \u015bcigane z ca\u0142\u0105 moc\u0105, na jak\u0105 sta\u0107 wrednego skurczybyka, kt\u00f3ry nie lubi by\u0107 okradany&#8230; (TS)<\/h3>\n","protected":false},"excerpt":{"rendered":"<p>Arkana klasyfikacji ksi\u0105\u017cek: Co ja my\u015bl\u0119 o przeczytanych ksi\u0105\u017ckach? No, my\u015bl\u0119 co\u015b tam, co\u015b tam \u2013 jak niegdy\u015b raczy\u0142a si\u0119 smakowicie wyrazi\u0107 pewna dzia\u0142aczka medialna i polityczna, nar\u0105bana przy okazji jak junkers (nie samolot, jeno piecyk gazowy&#8230;). Zreszt\u0105 detalicznie pisz\u0119 o tym (czyli my\u015bli moje ujawniam) w recenzjach&#8230; Klasyfikacja za\u015b ma charakter pomocniczy, w zasadzie rekomendacyjny. Wyobra\u017acie sobie zatem poziom\u0105 o\u015b odci\u0119tych uk\u0142adu algebraicznego, a po prawej stronie osi (razem z pocz\u0105tkowym zerem) osiem pozycji oznaczonych cyframi od zera do siedmiu 0 \u2013 raczej dno; nie czyta\u0107! 1 \u2013 s\u0142abe, lektura zb\u0119dna; 2 \u2013 niekoniecznie, ale gdy czasu nie szkoda&#8230; 3 \u2013 klasyczne czytad\u0142o rozrywkowe 4 \u2013 przyzwoita lektura na zadowalaj\u0105cym poziomie; 5 &#8211; sine qua non ambitnego czytelnika; 6 \u2013 arcydzie\u0142o ze wszech miar godne lektury; 7 \u2013 wielka literatura \u015bwiatowa; kanon poznawczy Galaktyki Gutenberga&#8230; Po lewej za\u015b stronie osi trzy pozycje oznaczone liczbami ujemnymi -1 \u2013 \u017cal ka\u017cdego zer\u017cni\u0119tego na papier drzewa! -2 \u2013 niewys\u0142owiony \u017cal ka\u017cdego zer\u017cni\u0119tego na papier drzewa! -3 \u2013 nieutulony i niewys\u0142owiony \u017cal ka\u017cdego zer\u017cni\u0119tego na papier drzewa! Autor niniejszego przysi\u0119ga, \u017ce do\u0142o\u017cy wszelkich stara\u0144, aby praktyczne zastosowanie tej klasyfikacji by\u0142o wolne od podejrze\u0144 o koniunkturalizm, nepotyzm, korupcj\u0119, kupczenie i symoni\u0119, schlebianie gustom powszechniejszym&#8230;<\/p>\n","protected":false},"author":1,"featured_media":0,"parent":0,"menu_order":3,"comment_status":"closed","ping_status":"closed","template":"","meta":[],"wppr_data":[],"_links":{"self":[{"href":"https:\/\/100zastu.pl\/index.php\/wp-json\/wp\/v2\/pages\/16"}],"collection":[{"href":"https:\/\/100zastu.pl\/index.php\/wp-json\/wp\/v2\/pages"}],"about":[{"href":"https:\/\/100zastu.pl\/index.php\/wp-json\/wp\/v2\/types\/page"}],"author":[{"embeddable":true,"href":"https:\/\/100zastu.pl\/index.php\/wp-json\/wp\/v2\/users\/1"}],"replies":[{"embeddable":true,"href":"https:\/\/100zastu.pl\/index.php\/wp-json\/wp\/v2\/comments?post=16"}],"version-history":[{"count":7,"href":"https:\/\/100zastu.pl\/index.php\/wp-json\/wp\/v2\/pages\/16\/revisions"}],"predecessor-version":[{"id":403,"href":"https:\/\/100zastu.pl\/index.php\/wp-json\/wp\/v2\/pages\/16\/revisions\/403"}],"wp:attachment":[{"href":"https:\/\/100zastu.pl\/index.php\/wp-json\/wp\/v2\/media?parent=16"}],"curies":[{"name":"wp","href":"https:\/\/api.w.org\/{rel}","templated":true}]}}